{"id":270,"date":"2016-10-14T23:45:22","date_gmt":"2016-10-14T21:45:22","guid":{"rendered":"http:\/\/myindex.stocki.org\/?page_id=270"},"modified":"2017-03-27T18:48:12","modified_gmt":"2017-03-27T16:48:12","slug":"sobre-el-proyecto","status":"publish","type":"page","link":"https:\/\/myindex.stocki.org\/es\/sobre-el-proyecto\/","title":{"rendered":"Sobre el proyecto"},"content":{"rendered":"<p>\u00bfHa pensado en un cambio de estilo de vida pero no sabe por donde empezar?<\/p>\n<p>Usted ya sabe que debe cambiar sus h\u00e1bitos pero no sabe c\u00f3mo.<\/p>\n<p>Todos hablan de los beneficios de vivir m\u00e1s sanamente. \u00bfLe gustar\u00eda saber c\u00f3mo puede hacerlo?<\/p>\n<p>Con mi investigaci\u00f3n me propongo ayudarle entender como elegir un estilo de vida saludable no s\u00f3lo estar\u00e1 tomando la mejor decisi\u00f3n para usted sino tambi\u00e9n para su comunidad. Mi investigaci\u00f3n le ayudar\u00e1 a comprender como somos manipulados para que consumamos cada vez m\u00e1s pensando que lo hacemos por nuestro bien. No solo hallar\u00e1 las razones para cambiar su estilo de vida sino tambi\u00e9n estrategias y consejos para hacerlo de forma efectiva. Contestando simples cuestionarios podr\u00e9 brindarle consejos personalizados acerca de que \u00e1reas debe cambiar y cu\u00e1les son las mejores opciones para hacerlo. Le \u00e1nimo a acompa\u00f1arme en la b\u00fasqueda de un estilo de vida m\u00e1s saludable para usted y toda la comunidad.<\/p>\n<div><\/div>\n","protected":false},"excerpt":{"rendered":"<p>\u00bfHa pensado en un cambio de estilo de vida pero no sabe por donde empezar? Usted ya sabe que debe cambiar sus h\u00e1bitos pero no sabe c\u00f3mo. Todos hablan de los beneficios de vivir m\u00e1s sanamente. \u00bfLe gustar\u00eda saber c\u00f3mo puede hacerlo? Con mi investigaci\u00f3n me propongo ayudarle entender como elegir un estilo de vida [&hellip;]<\/p>\n","protected":false},"author":2,"featured_media":2298,"parent":0,"menu_order":0,"comment_status":"closed","ping_status":"closed","template":"","meta":{"_monsterinsights_skip_tracking":false,"_monsterinsights_sitenote_active":false,"_monsterinsights_sitenote_note":"","_monsterinsights_sitenote_category":0,"_uf_show_specific_survey":0,"_uf_disable_surveys":false,"footnotes":""},"class_list":["post-270","page","type-page","status-publish","has-post-thumbnail","hentry"],"translation":{"provider":"WPGlobus","version":"3.0.2","language":"es","enabled_languages":["en","es","pl"],"languages":{"en":{"title":true,"content":true,"excerpt":false},"es":{"title":true,"content":true,"excerpt":false},"pl":{"title":true,"content":true,"excerpt":false}}},"aioseo_notices":[],"_links":{"self":[{"href":"https:\/\/myindex.stocki.org\/es\/wp-json\/wp\/v2\/pages\/270"}],"collection":[{"href":"https:\/\/myindex.stocki.org\/es\/wp-json\/wp\/v2\/pages"}],"about":[{"href":"https:\/\/myindex.stocki.org\/es\/wp-json\/wp\/v2\/types\/page"}],"author":[{"embeddable":true,"href":"https:\/\/myindex.stocki.org\/es\/wp-json\/wp\/v2\/users\/2"}],"replies":[{"embeddable":true,"href":"https:\/\/myindex.stocki.org\/es\/wp-json\/wp\/v2\/comments?post=270"}],"version-history":[{"count":12,"href":"https:\/\/myindex.stocki.org\/es\/wp-json\/wp\/v2\/pages\/270\/revisions"}],"predecessor-version":[{"id":3233,"href":"https:\/\/myindex.stocki.org\/es\/wp-json\/wp\/v2\/pages\/270\/revisions\/3233"}],"wp:featuredmedia":[{"embeddable":true,"href":"https:\/\/myindex.stocki.org\/es\/wp-json\/wp\/v2\/media\/2298"}],"wp:attachment":[{"href":"https:\/\/myindex.stocki.org\/es\/wp-json\/wp\/v2\/media?parent=270"}],"curies":[{"name":"wp","href":"https:\/\/api.w.org\/{rel}","templated":true}]}}