{"id":270,"date":"2016-10-14T23:45:22","date_gmt":"2016-10-14T21:45:22","guid":{"rendered":"http:\/\/myindex.stocki.org\/?page_id=270"},"modified":"2017-03-27T18:48:12","modified_gmt":"2017-03-27T16:48:12","slug":"sobre-el-proyecto","status":"publish","type":"page","link":"https:\/\/myindex.stocki.org\/pl\/sobre-el-proyecto\/","title":{"rendered":"O projekcie"},"content":{"rendered":"<p>Czy my\u015bla\u0142e\u015b o zmianie stylu \u017cycia, ale nie wiesz, od czego zacz\u0105\u0107?<\/p>\n<p>My\u015bla\u0142e\u015b o zmianie nawyk\u00f3w, ale nie wiesz jak. Wszyscy m\u00f3wi\u0105 o korzy\u015bciach jakie niesie zdrowsze \u017cycie. Czy chcesz wiedzie\u0107, jak to zrobi\u0107?<\/p>\n<p>Przez ten projekt pomagam zrozumie\u0107, dlaczego wyb\u00f3r zdrowego \u017cycia to nie tylko lepsza decyzja dla Ciebie, ale tak\u017ce dla Twojego otoczenia. Moje badania pomog\u0105 Ci zrozumie\u0107, jak ulegamy manipulacji, aby kupowa\u0107 coraz wi\u0119cej, my\u015bl\u0105c, \u017ce robimy to dla w\u0142asnego dobra. Poka\u017c\u0119 te\u017c powody, dla kt\u00f3rych powinni\u015bmy zmienia\u0107 nasz styl \u017cycia i przedstawi\u0119 strategie i rady, jak robi\u0107 to w skuteczny spos\u00f3b. Twoje odpowiedzi na proste pytania kwestionariuszowe pozwol\u0105 mi przedstawi\u0107 Ci spersonalizowane wnioski\u00a0dotycz\u0105ce obszar\u00f3w, kt\u00f3re powiniene\u015b\u00a0zmieni\u0107. Zach\u0119cam Ci\u0119 do towarzyszenia mi w poszukiwaniu nowego stylu \u017cycia dla Ciebie i\u00a0innych.<\/p>\n","protected":false},"excerpt":{"rendered":"<p>Czy my\u015bla\u0142e\u015b o zmianie stylu \u017cycia, ale nie wiesz, od czego zacz\u0105\u0107? My\u015bla\u0142e\u015b o zmianie nawyk\u00f3w, ale nie wiesz jak. Wszyscy m\u00f3wi\u0105 o korzy\u015bciach jakie niesie zdrowsze \u017cycie. Czy chcesz wiedzie\u0107, jak to zrobi\u0107? Przez ten projekt pomagam zrozumie\u0107, dlaczego wyb\u00f3r zdrowego \u017cycia to nie tylko lepsza decyzja dla Ciebie, ale tak\u017ce dla Twojego otoczenia. [&hellip;]<\/p>\n","protected":false},"author":2,"featured_media":2298,"parent":0,"menu_order":0,"comment_status":"closed","ping_status":"closed","template":"","meta":{"_monsterinsights_skip_tracking":false,"_monsterinsights_sitenote_active":false,"_monsterinsights_sitenote_note":"","_monsterinsights_sitenote_category":0,"_uf_show_specific_survey":0,"_uf_disable_surveys":false,"footnotes":""},"class_list":["post-270","page","type-page","status-publish","has-post-thumbnail","hentry"],"translation":{"provider":"WPGlobus","version":"3.0.2","language":"pl","enabled_languages":["en","es","pl"],"languages":{"en":{"title":true,"content":true,"excerpt":false},"es":{"title":true,"content":true,"excerpt":false},"pl":{"title":true,"content":true,"excerpt":false}}},"aioseo_notices":[],"_links":{"self":[{"href":"https:\/\/myindex.stocki.org\/pl\/wp-json\/wp\/v2\/pages\/270"}],"collection":[{"href":"https:\/\/myindex.stocki.org\/pl\/wp-json\/wp\/v2\/pages"}],"about":[{"href":"https:\/\/myindex.stocki.org\/pl\/wp-json\/wp\/v2\/types\/page"}],"author":[{"embeddable":true,"href":"https:\/\/myindex.stocki.org\/pl\/wp-json\/wp\/v2\/users\/2"}],"replies":[{"embeddable":true,"href":"https:\/\/myindex.stocki.org\/pl\/wp-json\/wp\/v2\/comments?post=270"}],"version-history":[{"count":12,"href":"https:\/\/myindex.stocki.org\/pl\/wp-json\/wp\/v2\/pages\/270\/revisions"}],"predecessor-version":[{"id":3233,"href":"https:\/\/myindex.stocki.org\/pl\/wp-json\/wp\/v2\/pages\/270\/revisions\/3233"}],"wp:featuredmedia":[{"embeddable":true,"href":"https:\/\/myindex.stocki.org\/pl\/wp-json\/wp\/v2\/media\/2298"}],"wp:attachment":[{"href":"https:\/\/myindex.stocki.org\/pl\/wp-json\/wp\/v2\/media?parent=270"}],"curies":[{"name":"wp","href":"https:\/\/api.w.org\/{rel}","templated":true}]}}